{"id":6998,"date":"2016-05-24T09:24:36","date_gmt":"2016-05-24T07:24:36","guid":{"rendered":"http:\/\/pithariskyros.com\/%ce%b4%cf%89%ce%bc%ce%b1%cf%84%ce%b9%ce%b1\/?lang=fr"},"modified":"2022-03-26T04:16:53","modified_gmt":"2022-03-26T02:16:53","slug":"chambres","status":"publish","type":"page","link":"https:\/\/pithariskyros.com\/fr\/chambres\/","title":{"rendered":"CHAMBRES"},"content":{"rendered":"[mk_page_section bg_image=\u00a0\u00bbhttp:\/\/pithariskyros.com\/wp-content\/uploads\/2016\/05\/pithari-skyros-17.jpg\u00a0\u00bb bg_position=\u00a0\u00bbcenter center\u00a0\u00bb bg_stretch=\u00a0\u00bbtrue\u00a0\u00bb min_height=\u00a0\u00bb206&Prime; top_shape_size=\u00a0\u00bbsmall\u00a0\u00bb top_shape_color=\u00a0\u00bbrgba(255,255,255,0.01)\u00a0\u00bb has_bottom_shape_divider=\u00a0\u00bbtrue\u00a0\u00bb bottom_shape_color=\u00a0\u00bb#ffffff\u00a0\u00bb sidebar=\u00a0\u00bbsidebar-1&Prime;][vc_column][vc_empty_space height=\u00a0\u00bb62px\u00a0\u00bb][\/vc_column][\/mk_page_section][vc_row][vc_column][vc_column_text align=\u00a0\u00bbcenter\u00a0\u00bb]\n<h1><span id=\"result_box\" class=\"short_text\" lang=\"fr\">Chambres<\/span><\/h1>\n[\/vc_column_text][vc_column_text]<strong>\u00ab\u00a0Pithari\u00a0\u00bb<\/strong> <span id=\"result_box\" class=\"\" lang=\"fr\"><span class=\"\">se compose de quatre<\/span> <span class=\"\">maisons ind\u00e9pendantes<\/span> (4<span class=\"\">)<\/span> <span class=\"\">enti\u00e8rement meubl\u00e9s<\/span><span class=\"\">.<\/span><\/span> Respectueux et amoureux de leur ile, les proprietaires ont decore les appartements Pithari dans le style traditionnel de Skyros.<\/p>\n<ul>\n<li><strong>Maisonettes 1 and 4 (up to 6 persons) 75m<sup>2<\/sup>\u00a0<\/strong>Groundfloor: Livingroom with sofa that becomes double bed, open plan kitchen, bedroom with 2 single beds and 1 WC + shower<br \/>\n1st floor: 1 bedroom with double bed, Bathroom with bath + WC<\/li>\n<li><strong>Maisonette\u00a02 (up to 4 persons) 65m<sup>2<\/sup>\u00a0<\/strong>Groundfloor: Livingroom with sofa that becomes double bed, open plan kitchen and WC<br \/>\n1st floor: 1 bedroom with double bed, Bathroom with bath + WC<\/li>\n<li><strong>Maisonette\u00a03 (up to 6 persons) 75m<sup>2<\/sup>\u00a0<\/strong>Groundfloor: Livingroom with sofa that becomes double bed, open plan kitchen and shower + WC<br \/>\n1st floor: 1 bedroom with double bed, 1 bedroom with 2 single beds, bathroom with bath + WC<\/li>\n<\/ul>\n[\/vc_column_text][vc_empty_space height=\u00a0\u00bb50px\u00a0\u00bb][\/vc_column][\/vc_row][vc_row][vc_column][vc_column_text align=\u00a0\u00bbcenter\u00a0\u00bb]\n<h1><span id=\"result_box\" class=\"short_text\" lang=\"fr\"><span class=\"\">\u00e9quipements<\/span><\/span><\/h1>\n[\/vc_column_text][\/vc_column][\/vc_row][vc_row][vc_column width=\u00a0\u00bb1\/2&Prime;][mk_custom_list]\n<ul>\n<li>Accessible aux personnes \u00e0 mobilit\u00e9 r\u00e9duite<\/li>\n<li><span id=\"result_box\" class=\"short_text\" lang=\"fr\"><span class=\"\">Wifi gratuit<\/span><\/span><\/li>\n<li>Parking gratuit<\/li>\n<li>Chambres familiales<\/li>\n<li>Chambres insonoris\u00e9es<\/li>\n<li>Chauffage<\/li>\n<\/ul>\n[\/mk_custom_list][\/vc_column][vc_column width=\u00a0\u00bb1\/2&Prime;][mk_custom_list]\n<ul>\n<li><span id=\"result_box\" class=\"short_text\" lang=\"fr\"><span class=\"\">Climatisation<\/span><\/span><\/li>\n<li>Jardin<\/li>\n<li><span id=\"result_box\" class=\"short_text\" lang=\"fr\"><span class=\"\">Terrasse<\/span><\/span><\/li>\n<li>Installations pour barbecue<\/li>\n<li>Service de m\u00e9nage quotidien<\/li>\n<li>Les animaux de compagnie ne sont pas admis au sein de l&rsquo;\u00e9tablissement<\/li>\n<\/ul>\n[\/mk_custom_list][\/vc_column][\/vc_row][mk_page_section min_height=\u00a0\u00bb90&Prime; sidebar=\u00a0\u00bbsidebar-1&Prime;][vc_column][vc_column_text align=\u00a0\u00bbcenter\u00a0\u00bb]<script async src=\"https:\/\/reservation.booking.expert\/embed\/button.js?h=bhcibab\" data-booking-button><\/script>[\/vc_column_text][\/vc_column][\/mk_page_section][vc_row][vc_column][vc_column_text align=\u00a0\u00bbcenter\u00a0\u00bb]\n<h1><span id=\"result_box\" class=\"short_text\" lang=\"fr\"><span class=\"\">Photos<\/span><\/span><\/h1>\n[\/vc_column_text][mk_gallery images=\u00a0\u00bb7519,7719,7758,7755,7752,7743,7686,7737,7734,7731,7728,7722,7716,7713,7710,7707,7701,7695,7692,7689,7671,7683,7680,7677,7674,7668,7665,7662,7659,7653,7650,7647,7644,6166,7528,7525,7761,7779,7522,7513,7507,7504,7510,7516,7501&Prime; style=\u00a0\u00bbstyle1&Prime; hover_scenarios=\u00a0\u00bbslow_zoom\u00a0\u00bb orderby=\u00a0\u00bbpost__in\u00a0\u00bb item_id=\u00a0\u00bb1464089301-57443ad5f1c02&Prime;][\/vc_column][\/vc_row]\n","protected":false},"excerpt":{"rendered":"<p>[mk_page_section bg_image=\u00a0\u00bbhttp:\/\/pithariskyros.com\/wp-content\/uploads\/2016\/05\/pithari-skyros-17.jpg\u00a0\u00bb bg_position=\u00a0\u00bbcenter center\u00a0\u00bb bg_stretch=\u00a0\u00bbtrue\u00a0\u00bb min_height=\u00a0\u00bb206&Prime; top_shape_size=\u00a0\u00bbsmall\u00a0\u00bb top_shape_color=\u00a0\u00bbrgba(255,255,255,0.01)\u00a0\u00bb has_bottom_shape_divider=\u00a0\u00bbtrue\u00a0\u00bb bottom_shape_color=\u00a0\u00bb#ffffff\u00a0\u00bb sidebar=\u00a0\u00bbsidebar-1&Prime;][vc_column][vc_empty_space height=\u00a0\u00bb62px\u00a0\u00bb][\/vc_column][\/mk_page_section][vc_row][vc_column][vc_column_text align=\u00a0\u00bbcenter\u00a0\u00bb] Chambres [\/vc_column_text][vc_column_text]\u00ab\u00a0Pithari\u00a0\u00bb se compose de quatre maisons ind\u00e9pendantes (4) enti\u00e8rement meubl\u00e9s. Respectueux et amoureux de leur ile, les proprietaires ont decore les appartements Pithari dans le style traditionnel de Skyros. Maisonettes 1 and 4 (up to 6 persons) 75m2\u00a0Groundfloor: Livingroom with sofa [&hellip;]<\/p>\n","protected":false},"author":1,"featured_media":0,"parent":0,"menu_order":0,"comment_status":"closed","ping_status":"closed","template":"","meta":{"footnotes":""},"class_list":["post-6998","page","type-page","status-publish","hentry"],"yoast_head":"<!-- This site is optimized with the Yoast SEO plugin v27.3 - https:\/\/yoast.com\/product\/yoast-seo-wordpress\/ -->\n<title>CHAMBRES - To \u03a0\u03b9\u03b8\u03ac\u03c1\u03b9 \u03a3\u03ba\u03cd\u03c1\u03bf\u03c2<\/title>\n<meta name=\"robots\" content=\"index, follow, max-snippet:-1, max-image-preview:large, max-video-preview:-1\" \/>\n<link rel=\"canonical\" href=\"https:\/\/pithariskyros.com\/fr\/chambres\/\" \/>\n<meta property=\"og:locale\" content=\"fr_FR\" \/>\n<meta property=\"og:type\" content=\"article\" \/>\n<meta property=\"og:title\" content=\"CHAMBRES - To \u03a0\u03b9\u03b8\u03ac\u03c1\u03b9 \u03a3\u03ba\u03cd\u03c1\u03bf\u03c2\" \/>\n<meta property=\"og:description\" content=\"[mk_page_section bg_image=\u00a0\u00bbhttp:\/\/pithariskyros.com\/wp-content\/uploads\/2016\/05\/pithari-skyros-17.jpg\u00a0\u00bb bg_position=\u00a0\u00bbcenter center\u00a0\u00bb bg_stretch=\u00a0\u00bbtrue\u00a0\u00bb min_height=\u00a0\u00bb206&Prime; top_shape_size=\u00a0\u00bbsmall\u00a0\u00bb top_shape_color=\u00a0\u00bbrgba(255,255,255,0.01)\u00a0\u00bb has_bottom_shape_divider=\u00a0\u00bbtrue\u00a0\u00bb bottom_shape_color=\u00a0\u00bb#ffffff\u00a0\u00bb sidebar=\u00a0\u00bbsidebar-1&Prime;][vc_column][vc_empty_space height=\u00a0\u00bb62px\u00a0\u00bb][\/vc_column][\/mk_page_section][vc_row][vc_column][vc_column_text align=\u00a0\u00bbcenter\u00a0\u00bb] Chambres [\/vc_column_text][vc_column_text]\u00ab\u00a0Pithari\u00a0\u00bb se compose de quatre maisons ind\u00e9pendantes (4) enti\u00e8rement meubl\u00e9s. Respectueux et amoureux de leur ile, les proprietaires ont decore les appartements Pithari dans le style traditionnel de Skyros. Maisonettes 1 and 4 (up to 6 persons) 75m2\u00a0Groundfloor: Livingroom with sofa [&hellip;]\" \/>\n<meta property=\"og:url\" content=\"https:\/\/pithariskyros.com\/fr\/chambres\/\" \/>\n<meta property=\"og:site_name\" content=\"To \u03a0\u03b9\u03b8\u03ac\u03c1\u03b9 \u03a3\u03ba\u03cd\u03c1\u03bf\u03c2\" \/>\n<meta property=\"article:publisher\" content=\"https:\/\/www.facebook.com\/pithariskyros\/\" \/>\n<meta property=\"article:modified_time\" content=\"2022-03-26T02:16:53+00:00\" \/>\n<meta name=\"twitter:card\" content=\"summary_large_image\" \/>\n<meta name=\"twitter:label1\" content=\"Dur\u00e9e de lecture estim\u00e9e\" \/>\n\t<meta name=\"twitter:data1\" content=\"2 minutes\" \/>\n<script type=\"application\/ld+json\" class=\"yoast-schema-graph\">{\"@context\":\"https:\\\/\\\/schema.org\",\"@graph\":[{\"@type\":\"WebPage\",\"@id\":\"https:\\\/\\\/pithariskyros.com\\\/fr\\\/chambres\\\/\",\"url\":\"https:\\\/\\\/pithariskyros.com\\\/fr\\\/chambres\\\/\",\"name\":\"CHAMBRES - To \u03a0\u03b9\u03b8\u03ac\u03c1\u03b9 \u03a3\u03ba\u03cd\u03c1\u03bf\u03c2\",\"isPartOf\":{\"@id\":\"https:\\\/\\\/pithariskyros.com\\\/#website\"},\"datePublished\":\"2016-05-24T07:24:36+00:00\",\"dateModified\":\"2022-03-26T02:16:53+00:00\",\"breadcrumb\":{\"@id\":\"https:\\\/\\\/pithariskyros.com\\\/fr\\\/chambres\\\/#breadcrumb\"},\"inLanguage\":\"fr-FR\",\"potentialAction\":[{\"@type\":\"ReadAction\",\"target\":[\"https:\\\/\\\/pithariskyros.com\\\/fr\\\/chambres\\\/\"]}]},{\"@type\":\"BreadcrumbList\",\"@id\":\"https:\\\/\\\/pithariskyros.com\\\/fr\\\/chambres\\\/#breadcrumb\",\"itemListElement\":[{\"@type\":\"ListItem\",\"position\":1,\"name\":\"Home\",\"item\":\"https:\\\/\\\/pithariskyros.com\\\/fr\\\/\"},{\"@type\":\"ListItem\",\"position\":2,\"name\":\"CHAMBRES\"}]},{\"@type\":\"WebSite\",\"@id\":\"https:\\\/\\\/pithariskyros.com\\\/#website\",\"url\":\"https:\\\/\\\/pithariskyros.com\\\/\",\"name\":\"To \u03a0\u03b9\u03b8\u03ac\u03c1\u03b9 \u03a3\u03ba\u03cd\u03c1\u03bf\u03c2\",\"description\":\"\u039c\u03b5\u03b6\u03bf\u03bd\u03ad\u03c4\u03b5\u03c2 \u03a0\u03b9\u03b8\u03ac\u03c1\u03b9, \u039c\u03ce\u03bb\u03bf\u03c2 - \u03a3\u03ba\u03cd\u03c1\u03bf\u03c2, \u03b4\u03b9\u03b1\u03ba\u03bf\u03c0\u03ad\u03c2 \u03c3\u03c4\u03b7\u03bd \u03a3\u03ba\u03cd\u03c1\u03bf \u0395\u03cd\u03b2\u03bf\u03b9\u03b1\u03c2, \u03b4\u03b9\u03b1\u03bc\u03bf\u03bd\u03ae \u03a3\u03ba\u03cd\u03c1\u03bf\u03c2- pithariskyros hotel\",\"publisher\":{\"@id\":\"https:\\\/\\\/pithariskyros.com\\\/#organization\"},\"potentialAction\":[{\"@type\":\"SearchAction\",\"target\":{\"@type\":\"EntryPoint\",\"urlTemplate\":\"https:\\\/\\\/pithariskyros.com\\\/?s={search_term_string}\"},\"query-input\":{\"@type\":\"PropertyValueSpecification\",\"valueRequired\":true,\"valueName\":\"search_term_string\"}}],\"inLanguage\":\"fr-FR\"},{\"@type\":\"Organization\",\"@id\":\"https:\\\/\\\/pithariskyros.com\\\/#organization\",\"name\":\"To \u03a0\u03b9\u03b8\u03ac\u03c1\u03b9 \u03a3\u03ba\u03cd\u03c1\u03bf\u03c2\",\"url\":\"https:\\\/\\\/pithariskyros.com\\\/\",\"logo\":{\"@type\":\"ImageObject\",\"inLanguage\":\"fr-FR\",\"@id\":\"https:\\\/\\\/pithariskyros.com\\\/#\\\/schema\\\/logo\\\/image\\\/\",\"url\":\"https:\\\/\\\/pithariskyros.com\\\/wp-content\\\/uploads\\\/2021\\\/09\\\/topithari.svg\",\"contentUrl\":\"https:\\\/\\\/pithariskyros.com\\\/wp-content\\\/uploads\\\/2021\\\/09\\\/topithari.svg\",\"width\":1,\"height\":1,\"caption\":\"To \u03a0\u03b9\u03b8\u03ac\u03c1\u03b9 \u03a3\u03ba\u03cd\u03c1\u03bf\u03c2\"},\"image\":{\"@id\":\"https:\\\/\\\/pithariskyros.com\\\/#\\\/schema\\\/logo\\\/image\\\/\"},\"sameAs\":[\"https:\\\/\\\/www.facebook.com\\\/pithariskyros\\\/\"]}]}<\/script>\n<!-- \/ Yoast SEO plugin. -->","yoast_head_json":{"title":"CHAMBRES - To \u03a0\u03b9\u03b8\u03ac\u03c1\u03b9 \u03a3\u03ba\u03cd\u03c1\u03bf\u03c2","robots":{"index":"index","follow":"follow","max-snippet":"max-snippet:-1","max-image-preview":"max-image-preview:large","max-video-preview":"max-video-preview:-1"},"canonical":"https:\/\/pithariskyros.com\/fr\/chambres\/","og_locale":"fr_FR","og_type":"article","og_title":"CHAMBRES - To \u03a0\u03b9\u03b8\u03ac\u03c1\u03b9 \u03a3\u03ba\u03cd\u03c1\u03bf\u03c2","og_description":"[mk_page_section bg_image=\u00a0\u00bbhttp:\/\/pithariskyros.com\/wp-content\/uploads\/2016\/05\/pithari-skyros-17.jpg\u00a0\u00bb bg_position=\u00a0\u00bbcenter center\u00a0\u00bb bg_stretch=\u00a0\u00bbtrue\u00a0\u00bb min_height=\u00a0\u00bb206&Prime; top_shape_size=\u00a0\u00bbsmall\u00a0\u00bb top_shape_color=\u00a0\u00bbrgba(255,255,255,0.01)\u00a0\u00bb has_bottom_shape_divider=\u00a0\u00bbtrue\u00a0\u00bb bottom_shape_color=\u00a0\u00bb#ffffff\u00a0\u00bb sidebar=\u00a0\u00bbsidebar-1&Prime;][vc_column][vc_empty_space height=\u00a0\u00bb62px\u00a0\u00bb][\/vc_column][\/mk_page_section][vc_row][vc_column][vc_column_text align=\u00a0\u00bbcenter\u00a0\u00bb] Chambres [\/vc_column_text][vc_column_text]\u00ab\u00a0Pithari\u00a0\u00bb se compose de quatre maisons ind\u00e9pendantes (4) enti\u00e8rement meubl\u00e9s. Respectueux et amoureux de leur ile, les proprietaires ont decore les appartements Pithari dans le style traditionnel de Skyros. Maisonettes 1 and 4 (up to 6 persons) 75m2\u00a0Groundfloor: Livingroom with sofa [&hellip;]","og_url":"https:\/\/pithariskyros.com\/fr\/chambres\/","og_site_name":"To \u03a0\u03b9\u03b8\u03ac\u03c1\u03b9 \u03a3\u03ba\u03cd\u03c1\u03bf\u03c2","article_publisher":"https:\/\/www.facebook.com\/pithariskyros\/","article_modified_time":"2022-03-26T02:16:53+00:00","twitter_card":"summary_large_image","twitter_misc":{"Dur\u00e9e de lecture estim\u00e9e":"2 minutes"},"schema":{"@context":"https:\/\/schema.org","@graph":[{"@type":"WebPage","@id":"https:\/\/pithariskyros.com\/fr\/chambres\/","url":"https:\/\/pithariskyros.com\/fr\/chambres\/","name":"CHAMBRES - To \u03a0\u03b9\u03b8\u03ac\u03c1\u03b9 \u03a3\u03ba\u03cd\u03c1\u03bf\u03c2","isPartOf":{"@id":"https:\/\/pithariskyros.com\/#website"},"datePublished":"2016-05-24T07:24:36+00:00","dateModified":"2022-03-26T02:16:53+00:00","breadcrumb":{"@id":"https:\/\/pithariskyros.com\/fr\/chambres\/#breadcrumb"},"inLanguage":"fr-FR","potentialAction":[{"@type":"ReadAction","target":["https:\/\/pithariskyros.com\/fr\/chambres\/"]}]},{"@type":"BreadcrumbList","@id":"https:\/\/pithariskyros.com\/fr\/chambres\/#breadcrumb","itemListElement":[{"@type":"ListItem","position":1,"name":"Home","item":"https:\/\/pithariskyros.com\/fr\/"},{"@type":"ListItem","position":2,"name":"CHAMBRES"}]},{"@type":"WebSite","@id":"https:\/\/pithariskyros.com\/#website","url":"https:\/\/pithariskyros.com\/","name":"To \u03a0\u03b9\u03b8\u03ac\u03c1\u03b9 \u03a3\u03ba\u03cd\u03c1\u03bf\u03c2","description":"\u039c\u03b5\u03b6\u03bf\u03bd\u03ad\u03c4\u03b5\u03c2 \u03a0\u03b9\u03b8\u03ac\u03c1\u03b9, \u039c\u03ce\u03bb\u03bf\u03c2 - \u03a3\u03ba\u03cd\u03c1\u03bf\u03c2, \u03b4\u03b9\u03b1\u03ba\u03bf\u03c0\u03ad\u03c2 \u03c3\u03c4\u03b7\u03bd \u03a3\u03ba\u03cd\u03c1\u03bf \u0395\u03cd\u03b2\u03bf\u03b9\u03b1\u03c2, \u03b4\u03b9\u03b1\u03bc\u03bf\u03bd\u03ae \u03a3\u03ba\u03cd\u03c1\u03bf\u03c2- pithariskyros hotel","publisher":{"@id":"https:\/\/pithariskyros.com\/#organization"},"potentialAction":[{"@type":"SearchAction","target":{"@type":"EntryPoint","urlTemplate":"https:\/\/pithariskyros.com\/?s={search_term_string}"},"query-input":{"@type":"PropertyValueSpecification","valueRequired":true,"valueName":"search_term_string"}}],"inLanguage":"fr-FR"},{"@type":"Organization","@id":"https:\/\/pithariskyros.com\/#organization","name":"To \u03a0\u03b9\u03b8\u03ac\u03c1\u03b9 \u03a3\u03ba\u03cd\u03c1\u03bf\u03c2","url":"https:\/\/pithariskyros.com\/","logo":{"@type":"ImageObject","inLanguage":"fr-FR","@id":"https:\/\/pithariskyros.com\/#\/schema\/logo\/image\/","url":"https:\/\/pithariskyros.com\/wp-content\/uploads\/2021\/09\/topithari.svg","contentUrl":"https:\/\/pithariskyros.com\/wp-content\/uploads\/2021\/09\/topithari.svg","width":1,"height":1,"caption":"To \u03a0\u03b9\u03b8\u03ac\u03c1\u03b9 \u03a3\u03ba\u03cd\u03c1\u03bf\u03c2"},"image":{"@id":"https:\/\/pithariskyros.com\/#\/schema\/logo\/image\/"},"sameAs":["https:\/\/www.facebook.com\/pithariskyros\/"]}]}},"_links":{"self":[{"href":"https:\/\/pithariskyros.com\/fr\/wp-json\/wp\/v2\/pages\/6998","targetHints":{"allow":["GET"]}}],"collection":[{"href":"https:\/\/pithariskyros.com\/fr\/wp-json\/wp\/v2\/pages"}],"about":[{"href":"https:\/\/pithariskyros.com\/fr\/wp-json\/wp\/v2\/types\/page"}],"author":[{"embeddable":true,"href":"https:\/\/pithariskyros.com\/fr\/wp-json\/wp\/v2\/users\/1"}],"replies":[{"embeddable":true,"href":"https:\/\/pithariskyros.com\/fr\/wp-json\/wp\/v2\/comments?post=6998"}],"version-history":[{"count":9,"href":"https:\/\/pithariskyros.com\/fr\/wp-json\/wp\/v2\/pages\/6998\/revisions"}],"predecessor-version":[{"id":7787,"href":"https:\/\/pithariskyros.com\/fr\/wp-json\/wp\/v2\/pages\/6998\/revisions\/7787"}],"wp:attachment":[{"href":"https:\/\/pithariskyros.com\/fr\/wp-json\/wp\/v2\/media?parent=6998"}],"curies":[{"name":"wp","href":"https:\/\/api.w.org\/{rel}","templated":true}]}}