{"id":6994,"date":"2016-05-23T22:26:29","date_gmt":"2016-05-23T20:26:29","guid":{"rendered":"http:\/\/pithariskyros.com\/%ce%bc%cf%8e%ce%bb%ce%bf%cf%82-%cf%83%ce%ba%cf%8d%cf%81%ce%bf%cf%85\/?lang=fr"},"modified":"2022-01-13T16:37:08","modified_gmt":"2022-01-13T14:37:08","slug":"molos-skyros","status":"publish","type":"page","link":"https:\/\/pithariskyros.com\/fr\/molos-skyros\/","title":{"rendered":"MOLOS SKYROS"},"content":{"rendered":"[mk_page_section bg_image=\u00a0\u00bbhttp:\/\/pithariskyros.com\/wp-content\/uploads\/2016\/05\/\u03a3\u03ba\u03cd\u03c1\u03bf\u03c2-\u039c\u03ce\u03bb\u03bf\u03c2-4.jpg\u00a0\u00bb bg_position=\u00a0\u00bbcenter center\u00a0\u00bb bg_stretch=\u00a0\u00bbtrue\u00a0\u00bb min_height=\u00a0\u00bb206&Prime; top_shape_style=\u00a0\u00bbcurve-top\u00a0\u00bb top_shape_size=\u00a0\u00bbsmall\u00a0\u00bb top_shape_color=\u00a0\u00bb#ffffff\u00a0\u00bb has_bottom_shape_divider=\u00a0\u00bbtrue\u00a0\u00bb bottom_shape_style=\u00a0\u00bbcurve-bottom\u00a0\u00bb bottom_shape_color=\u00a0\u00bb#ffffff\u00a0\u00bb sidebar=\u00a0\u00bbsidebar-1&Prime;][vc_column][vc_empty_space height=\u00a0\u00bb62px\u00a0\u00bb][\/vc_column][\/mk_page_section][vc_row css=\u00a0\u00bb.vc_custom_1642084626359{padding-top: 30px !important;}\u00a0\u00bb][vc_column][vc_column_text]<span class=\"goog-text-highlight\">La plage Molos est l&rsquo;une des plages les plus populaires de Skyros, situ\u00e9 \u00e0 distance de marche de la ville principale, et se trouve \u00e0 11 km de Linaria \u00eele du port.<\/span><\/p>\n<p>Molos et la plage \u00e0 proximit\u00e9 Magazia, \u00ab\u00a0partager\u00a0\u00bb la grande plage de sable dor\u00e9. Molos est une grande zone de la plage, sur la c\u00f4te est recouverte de sable fin et dor\u00e9 qui continue au fond et de charme avec cristal bleu des eaux claires et peu profondes sont id\u00e9ales pour les familles avec de jeunes enfants. Le rivage de la plage est l&rsquo; une des plages les plus fr\u00e9quent\u00e9es et les plus organis\u00e9s de l&rsquo;\u00eele. Vous trouverez des bars de plage o\u00f9 vous pourrez d\u00e9guster des cocktails rofimata- rafra\u00eechissantes et des collations, des parasols et des chaises longues sont offerts gratuitement aux clients de bars et restaurants de plage pour ceux qui souhaitent d\u00e9guster des plats d\u00e9licieux. Sur la plage , vous trouverez \u00e9galement un espace suffisant pour ceux qui souhaitent placer leur propre mat\u00e9riel sur le rivage. Dans la partie gauche de la plage est le petit port de la colonie qui ne convient pas pour la baignade , mais a de tr\u00e8s belles vues sur les plages de Molos et Magazia. Votre acc\u00e8s \u00e0 la plage est facile en voiture que la plage est \u00e0 environ 1,5 km du pays rubrique au r\u00e8glement de la rive. De Linaria suivra les Skyros routiers provinciaux &#8211; Linaria, en direction de Acherounes, puis vers le village Aspous. Apr\u00e8s 2 km , vous atteindrez le lin ou la plage Lino. En continuant de la plage Lino apr\u00e8s 2,5 km , vous trouverez une jonction avec un signe de la c\u00f4te. L&rsquo;autre alternative est d&rsquo;aller avec le bus pour Skyros vols par jour pendant la saison estivale et de la plage.<\/p>\n[\/vc_column_text][\/vc_column][\/vc_row][vc_row][vc_column][mk_gallery images=\u00a0\u00bb6713,6714,6710,6711,6717,6716,6715,6712&Prime; column=\u00a0\u00bb4&Prime; height=\u00a0\u00bb250&Prime;][\/vc_column][\/vc_row]\n","protected":false},"excerpt":{"rendered":"<p>[mk_page_section bg_image=\u00a0\u00bbhttp:\/\/pithariskyros.com\/wp-content\/uploads\/2016\/05\/\u03a3\u03ba\u03cd\u03c1\u03bf\u03c2-\u039c\u03ce\u03bb\u03bf\u03c2-4.jpg\u00a0\u00bb bg_position=\u00a0\u00bbcenter center\u00a0\u00bb bg_stretch=\u00a0\u00bbtrue\u00a0\u00bb min_height=\u00a0\u00bb206&Prime; top_shape_style=\u00a0\u00bbcurve-top\u00a0\u00bb top_shape_size=\u00a0\u00bbsmall\u00a0\u00bb top_shape_color=\u00a0\u00bb#ffffff\u00a0\u00bb has_bottom_shape_divider=\u00a0\u00bbtrue\u00a0\u00bb bottom_shape_style=\u00a0\u00bbcurve-bottom\u00a0\u00bb bottom_shape_color=\u00a0\u00bb#ffffff\u00a0\u00bb sidebar=\u00a0\u00bbsidebar-1&Prime;][vc_column][vc_empty_space height=\u00a0\u00bb62px\u00a0\u00bb][\/vc_column][\/mk_page_section][vc_row css=\u00a0\u00bb.vc_custom_1642084626359{padding-top: 30px !important;}\u00a0\u00bb][vc_column][vc_column_text]La plage Molos est l&rsquo;une des plages les plus populaires de Skyros, situ\u00e9 \u00e0 distance de marche de la ville principale, et se trouve \u00e0 11 km de Linaria \u00eele du port. Molos et la plage \u00e0 proximit\u00e9 Magazia, [&hellip;]<\/p>\n","protected":false},"author":1,"featured_media":0,"parent":0,"menu_order":0,"comment_status":"closed","ping_status":"closed","template":"","meta":{"footnotes":""},"class_list":["post-6994","page","type-page","status-publish","hentry"],"yoast_head":"<!-- This site is optimized with the Yoast SEO plugin v27.3 - https:\/\/yoast.com\/product\/yoast-seo-wordpress\/ -->\n<title>MOLOS SKYROS - To \u03a0\u03b9\u03b8\u03ac\u03c1\u03b9 \u03a3\u03ba\u03cd\u03c1\u03bf\u03c2<\/title>\n<meta name=\"robots\" content=\"index, follow, max-snippet:-1, max-image-preview:large, max-video-preview:-1\" \/>\n<link rel=\"canonical\" href=\"https:\/\/pithariskyros.com\/fr\/molos-skyros\/\" \/>\n<meta property=\"og:locale\" content=\"fr_FR\" \/>\n<meta property=\"og:type\" content=\"article\" \/>\n<meta property=\"og:title\" content=\"MOLOS SKYROS - To \u03a0\u03b9\u03b8\u03ac\u03c1\u03b9 \u03a3\u03ba\u03cd\u03c1\u03bf\u03c2\" \/>\n<meta property=\"og:description\" content=\"[mk_page_section bg_image=\u00a0\u00bbhttp:\/\/pithariskyros.com\/wp-content\/uploads\/2016\/05\/\u03a3\u03ba\u03cd\u03c1\u03bf\u03c2-\u039c\u03ce\u03bb\u03bf\u03c2-4.jpg\u00a0\u00bb bg_position=\u00a0\u00bbcenter center\u00a0\u00bb bg_stretch=\u00a0\u00bbtrue\u00a0\u00bb min_height=\u00a0\u00bb206&Prime; top_shape_style=\u00a0\u00bbcurve-top\u00a0\u00bb top_shape_size=\u00a0\u00bbsmall\u00a0\u00bb top_shape_color=\u00a0\u00bb#ffffff\u00a0\u00bb has_bottom_shape_divider=\u00a0\u00bbtrue\u00a0\u00bb bottom_shape_style=\u00a0\u00bbcurve-bottom\u00a0\u00bb bottom_shape_color=\u00a0\u00bb#ffffff\u00a0\u00bb sidebar=\u00a0\u00bbsidebar-1&Prime;][vc_column][vc_empty_space height=\u00a0\u00bb62px\u00a0\u00bb][\/vc_column][\/mk_page_section][vc_row css=\u00a0\u00bb.vc_custom_1642084626359{padding-top: 30px !important;}\u00a0\u00bb][vc_column][vc_column_text]La plage Molos est l&rsquo;une des plages les plus populaires de Skyros, situ\u00e9 \u00e0 distance de marche de la ville principale, et se trouve \u00e0 11 km de Linaria \u00eele du port. Molos et la plage \u00e0 proximit\u00e9 Magazia, [&hellip;]\" \/>\n<meta property=\"og:url\" content=\"https:\/\/pithariskyros.com\/fr\/molos-skyros\/\" \/>\n<meta property=\"og:site_name\" content=\"To \u03a0\u03b9\u03b8\u03ac\u03c1\u03b9 \u03a3\u03ba\u03cd\u03c1\u03bf\u03c2\" \/>\n<meta property=\"article:publisher\" content=\"https:\/\/www.facebook.com\/pithariskyros\/\" \/>\n<meta property=\"article:modified_time\" content=\"2022-01-13T14:37:08+00:00\" \/>\n<meta name=\"twitter:card\" content=\"summary_large_image\" \/>\n<meta name=\"twitter:label1\" content=\"Dur\u00e9e de lecture estim\u00e9e\" \/>\n\t<meta name=\"twitter:data1\" content=\"2 minutes\" \/>\n<script type=\"application\/ld+json\" class=\"yoast-schema-graph\">{\"@context\":\"https:\\\/\\\/schema.org\",\"@graph\":[{\"@type\":\"WebPage\",\"@id\":\"https:\\\/\\\/pithariskyros.com\\\/fr\\\/molos-skyros\\\/\",\"url\":\"https:\\\/\\\/pithariskyros.com\\\/fr\\\/molos-skyros\\\/\",\"name\":\"MOLOS SKYROS - To \u03a0\u03b9\u03b8\u03ac\u03c1\u03b9 \u03a3\u03ba\u03cd\u03c1\u03bf\u03c2\",\"isPartOf\":{\"@id\":\"https:\\\/\\\/pithariskyros.com\\\/#website\"},\"datePublished\":\"2016-05-23T20:26:29+00:00\",\"dateModified\":\"2022-01-13T14:37:08+00:00\",\"breadcrumb\":{\"@id\":\"https:\\\/\\\/pithariskyros.com\\\/fr\\\/molos-skyros\\\/#breadcrumb\"},\"inLanguage\":\"fr-FR\",\"potentialAction\":[{\"@type\":\"ReadAction\",\"target\":[\"https:\\\/\\\/pithariskyros.com\\\/fr\\\/molos-skyros\\\/\"]}]},{\"@type\":\"BreadcrumbList\",\"@id\":\"https:\\\/\\\/pithariskyros.com\\\/fr\\\/molos-skyros\\\/#breadcrumb\",\"itemListElement\":[{\"@type\":\"ListItem\",\"position\":1,\"name\":\"Home\",\"item\":\"https:\\\/\\\/pithariskyros.com\\\/fr\\\/\"},{\"@type\":\"ListItem\",\"position\":2,\"name\":\"MOLOS SKYROS\"}]},{\"@type\":\"WebSite\",\"@id\":\"https:\\\/\\\/pithariskyros.com\\\/#website\",\"url\":\"https:\\\/\\\/pithariskyros.com\\\/\",\"name\":\"To \u03a0\u03b9\u03b8\u03ac\u03c1\u03b9 \u03a3\u03ba\u03cd\u03c1\u03bf\u03c2\",\"description\":\"\u039c\u03b5\u03b6\u03bf\u03bd\u03ad\u03c4\u03b5\u03c2 \u03a0\u03b9\u03b8\u03ac\u03c1\u03b9, \u039c\u03ce\u03bb\u03bf\u03c2 - \u03a3\u03ba\u03cd\u03c1\u03bf\u03c2, \u03b4\u03b9\u03b1\u03ba\u03bf\u03c0\u03ad\u03c2 \u03c3\u03c4\u03b7\u03bd \u03a3\u03ba\u03cd\u03c1\u03bf \u0395\u03cd\u03b2\u03bf\u03b9\u03b1\u03c2, \u03b4\u03b9\u03b1\u03bc\u03bf\u03bd\u03ae \u03a3\u03ba\u03cd\u03c1\u03bf\u03c2- pithariskyros hotel\",\"publisher\":{\"@id\":\"https:\\\/\\\/pithariskyros.com\\\/#organization\"},\"potentialAction\":[{\"@type\":\"SearchAction\",\"target\":{\"@type\":\"EntryPoint\",\"urlTemplate\":\"https:\\\/\\\/pithariskyros.com\\\/?s={search_term_string}\"},\"query-input\":{\"@type\":\"PropertyValueSpecification\",\"valueRequired\":true,\"valueName\":\"search_term_string\"}}],\"inLanguage\":\"fr-FR\"},{\"@type\":\"Organization\",\"@id\":\"https:\\\/\\\/pithariskyros.com\\\/#organization\",\"name\":\"To \u03a0\u03b9\u03b8\u03ac\u03c1\u03b9 \u03a3\u03ba\u03cd\u03c1\u03bf\u03c2\",\"url\":\"https:\\\/\\\/pithariskyros.com\\\/\",\"logo\":{\"@type\":\"ImageObject\",\"inLanguage\":\"fr-FR\",\"@id\":\"https:\\\/\\\/pithariskyros.com\\\/#\\\/schema\\\/logo\\\/image\\\/\",\"url\":\"https:\\\/\\\/pithariskyros.com\\\/wp-content\\\/uploads\\\/2021\\\/09\\\/topithari.svg\",\"contentUrl\":\"https:\\\/\\\/pithariskyros.com\\\/wp-content\\\/uploads\\\/2021\\\/09\\\/topithari.svg\",\"width\":1,\"height\":1,\"caption\":\"To \u03a0\u03b9\u03b8\u03ac\u03c1\u03b9 \u03a3\u03ba\u03cd\u03c1\u03bf\u03c2\"},\"image\":{\"@id\":\"https:\\\/\\\/pithariskyros.com\\\/#\\\/schema\\\/logo\\\/image\\\/\"},\"sameAs\":[\"https:\\\/\\\/www.facebook.com\\\/pithariskyros\\\/\"]}]}<\/script>\n<!-- \/ Yoast SEO plugin. -->","yoast_head_json":{"title":"MOLOS SKYROS - To \u03a0\u03b9\u03b8\u03ac\u03c1\u03b9 \u03a3\u03ba\u03cd\u03c1\u03bf\u03c2","robots":{"index":"index","follow":"follow","max-snippet":"max-snippet:-1","max-image-preview":"max-image-preview:large","max-video-preview":"max-video-preview:-1"},"canonical":"https:\/\/pithariskyros.com\/fr\/molos-skyros\/","og_locale":"fr_FR","og_type":"article","og_title":"MOLOS SKYROS - To \u03a0\u03b9\u03b8\u03ac\u03c1\u03b9 \u03a3\u03ba\u03cd\u03c1\u03bf\u03c2","og_description":"[mk_page_section bg_image=\u00a0\u00bbhttp:\/\/pithariskyros.com\/wp-content\/uploads\/2016\/05\/\u03a3\u03ba\u03cd\u03c1\u03bf\u03c2-\u039c\u03ce\u03bb\u03bf\u03c2-4.jpg\u00a0\u00bb bg_position=\u00a0\u00bbcenter center\u00a0\u00bb bg_stretch=\u00a0\u00bbtrue\u00a0\u00bb min_height=\u00a0\u00bb206&Prime; top_shape_style=\u00a0\u00bbcurve-top\u00a0\u00bb top_shape_size=\u00a0\u00bbsmall\u00a0\u00bb top_shape_color=\u00a0\u00bb#ffffff\u00a0\u00bb has_bottom_shape_divider=\u00a0\u00bbtrue\u00a0\u00bb bottom_shape_style=\u00a0\u00bbcurve-bottom\u00a0\u00bb bottom_shape_color=\u00a0\u00bb#ffffff\u00a0\u00bb sidebar=\u00a0\u00bbsidebar-1&Prime;][vc_column][vc_empty_space height=\u00a0\u00bb62px\u00a0\u00bb][\/vc_column][\/mk_page_section][vc_row css=\u00a0\u00bb.vc_custom_1642084626359{padding-top: 30px !important;}\u00a0\u00bb][vc_column][vc_column_text]La plage Molos est l&rsquo;une des plages les plus populaires de Skyros, situ\u00e9 \u00e0 distance de marche de la ville principale, et se trouve \u00e0 11 km de Linaria \u00eele du port. Molos et la plage \u00e0 proximit\u00e9 Magazia, [&hellip;]","og_url":"https:\/\/pithariskyros.com\/fr\/molos-skyros\/","og_site_name":"To \u03a0\u03b9\u03b8\u03ac\u03c1\u03b9 \u03a3\u03ba\u03cd\u03c1\u03bf\u03c2","article_publisher":"https:\/\/www.facebook.com\/pithariskyros\/","article_modified_time":"2022-01-13T14:37:08+00:00","twitter_card":"summary_large_image","twitter_misc":{"Dur\u00e9e de lecture estim\u00e9e":"2 minutes"},"schema":{"@context":"https:\/\/schema.org","@graph":[{"@type":"WebPage","@id":"https:\/\/pithariskyros.com\/fr\/molos-skyros\/","url":"https:\/\/pithariskyros.com\/fr\/molos-skyros\/","name":"MOLOS SKYROS - To \u03a0\u03b9\u03b8\u03ac\u03c1\u03b9 \u03a3\u03ba\u03cd\u03c1\u03bf\u03c2","isPartOf":{"@id":"https:\/\/pithariskyros.com\/#website"},"datePublished":"2016-05-23T20:26:29+00:00","dateModified":"2022-01-13T14:37:08+00:00","breadcrumb":{"@id":"https:\/\/pithariskyros.com\/fr\/molos-skyros\/#breadcrumb"},"inLanguage":"fr-FR","potentialAction":[{"@type":"ReadAction","target":["https:\/\/pithariskyros.com\/fr\/molos-skyros\/"]}]},{"@type":"BreadcrumbList","@id":"https:\/\/pithariskyros.com\/fr\/molos-skyros\/#breadcrumb","itemListElement":[{"@type":"ListItem","position":1,"name":"Home","item":"https:\/\/pithariskyros.com\/fr\/"},{"@type":"ListItem","position":2,"name":"MOLOS SKYROS"}]},{"@type":"WebSite","@id":"https:\/\/pithariskyros.com\/#website","url":"https:\/\/pithariskyros.com\/","name":"To \u03a0\u03b9\u03b8\u03ac\u03c1\u03b9 \u03a3\u03ba\u03cd\u03c1\u03bf\u03c2","description":"\u039c\u03b5\u03b6\u03bf\u03bd\u03ad\u03c4\u03b5\u03c2 \u03a0\u03b9\u03b8\u03ac\u03c1\u03b9, \u039c\u03ce\u03bb\u03bf\u03c2 - \u03a3\u03ba\u03cd\u03c1\u03bf\u03c2, \u03b4\u03b9\u03b1\u03ba\u03bf\u03c0\u03ad\u03c2 \u03c3\u03c4\u03b7\u03bd \u03a3\u03ba\u03cd\u03c1\u03bf \u0395\u03cd\u03b2\u03bf\u03b9\u03b1\u03c2, \u03b4\u03b9\u03b1\u03bc\u03bf\u03bd\u03ae \u03a3\u03ba\u03cd\u03c1\u03bf\u03c2- pithariskyros hotel","publisher":{"@id":"https:\/\/pithariskyros.com\/#organization"},"potentialAction":[{"@type":"SearchAction","target":{"@type":"EntryPoint","urlTemplate":"https:\/\/pithariskyros.com\/?s={search_term_string}"},"query-input":{"@type":"PropertyValueSpecification","valueRequired":true,"valueName":"search_term_string"}}],"inLanguage":"fr-FR"},{"@type":"Organization","@id":"https:\/\/pithariskyros.com\/#organization","name":"To \u03a0\u03b9\u03b8\u03ac\u03c1\u03b9 \u03a3\u03ba\u03cd\u03c1\u03bf\u03c2","url":"https:\/\/pithariskyros.com\/","logo":{"@type":"ImageObject","inLanguage":"fr-FR","@id":"https:\/\/pithariskyros.com\/#\/schema\/logo\/image\/","url":"https:\/\/pithariskyros.com\/wp-content\/uploads\/2021\/09\/topithari.svg","contentUrl":"https:\/\/pithariskyros.com\/wp-content\/uploads\/2021\/09\/topithari.svg","width":1,"height":1,"caption":"To \u03a0\u03b9\u03b8\u03ac\u03c1\u03b9 \u03a3\u03ba\u03cd\u03c1\u03bf\u03c2"},"image":{"@id":"https:\/\/pithariskyros.com\/#\/schema\/logo\/image\/"},"sameAs":["https:\/\/www.facebook.com\/pithariskyros\/"]}]}},"_links":{"self":[{"href":"https:\/\/pithariskyros.com\/fr\/wp-json\/wp\/v2\/pages\/6994","targetHints":{"allow":["GET"]}}],"collection":[{"href":"https:\/\/pithariskyros.com\/fr\/wp-json\/wp\/v2\/pages"}],"about":[{"href":"https:\/\/pithariskyros.com\/fr\/wp-json\/wp\/v2\/types\/page"}],"author":[{"embeddable":true,"href":"https:\/\/pithariskyros.com\/fr\/wp-json\/wp\/v2\/users\/1"}],"replies":[{"embeddable":true,"href":"https:\/\/pithariskyros.com\/fr\/wp-json\/wp\/v2\/comments?post=6994"}],"version-history":[{"count":3,"href":"https:\/\/pithariskyros.com\/fr\/wp-json\/wp\/v2\/pages\/6994\/revisions"}],"predecessor-version":[{"id":7628,"href":"https:\/\/pithariskyros.com\/fr\/wp-json\/wp\/v2\/pages\/6994\/revisions\/7628"}],"wp:attachment":[{"href":"https:\/\/pithariskyros.com\/fr\/wp-json\/wp\/v2\/media?parent=6994"}],"curies":[{"name":"wp","href":"https:\/\/api.w.org\/{rel}","templated":true}]}}