{"id":6992,"date":"2016-05-23T22:10:11","date_gmt":"2016-05-23T20:10:11","guid":{"rendered":"http:\/\/pithariskyros.com\/%cf%80%cf%89%cf%82-%ce%b8%ce%b1-%ce%ad%cf%81%ce%b8%ce%b5%cf%84%ce%b5\/?lang=fr"},"modified":"2022-01-13T16:38:42","modified_gmt":"2022-01-13T14:38:42","slug":"comment-vous-pouvez-arriver","status":"publish","type":"page","link":"https:\/\/pithariskyros.com\/fr\/comment-vous-pouvez-arriver\/","title":{"rendered":"COMMENT VOUS POUVEZ ARRIVER"},"content":{"rendered":"[mk_page_section bg_image=\u00a0\u00bbhttp:\/\/pithariskyros.com\/wp-content\/uploads\/2016\/05\/skuros-antidra-sthn-enopoihsh-limenvn-ths-euveias.jpg\u00a0\u00bb bg_position=\u00a0\u00bbcenter center\u00a0\u00bb bg_stretch=\u00a0\u00bbtrue\u00a0\u00bb min_height=\u00a0\u00bb352&Prime; top_shape_style=\u00a0\u00bbfolded-top\u00a0\u00bb top_shape_color=\u00a0\u00bb#ffffff\u00a0\u00bb has_bottom_shape_divider=\u00a0\u00bbtrue\u00a0\u00bb bottom_shape_style=\u00a0\u00bbfolded-bottom\u00a0\u00bb bottom_shape_color=\u00a0\u00bb#ffffff\u00a0\u00bb sidebar=\u00a0\u00bbsidebar-1&Prime;][vc_column][vc_empty_space height=\u00a0\u00bb62px\u00a0\u00bb][\/vc_column][\/mk_page_section][vc_row css=\u00a0\u00bb.vc_custom_1642084719836{padding-top: 30px !important;}\u00a0\u00bb][vc_column][vc_column_text]<span id=\"result_box\" class=\"\" lang=\"fr\">Skyros est l&rsquo;\u00eele la plus m\u00e9ridionale des Sporades du Nord. Situ\u00e9 \u00e0 l&rsquo;est de Eub\u00e9e, qui se trouve \u00e0 environ 35 km et est la plus grande \u00eele de Sporades (210 m\u00e8tres carr\u00e9s. Km.)<span class=\"\">.<\/span><\/span><\/p>\n<p><span id=\"result_box\" class=\"\" lang=\"fr\"><span class=\"\">Skyros<\/span> est connect\u00e9 \u00e0 la fois ferry et air pour le reste de la Gr\u00e8ce. Du port de Linaria a pas de connexion quotidienne \u00e0 l&rsquo;\u00eele d&rsquo;Eub\u00e9e et le port de Kimi avec la compagnie <span class=\"\">de ferry<\/span> <span class=\"\">de Skyros<\/span> Shipping Company (Skyros Shipping Co.), des int\u00e9r\u00eats locaux, <span class=\"\">avec le ferry<\/span> <span class=\"\">d&rsquo;Achille<\/span>. Les itin\u00e9raires sont quotidiennement une fois dans chaque direction tout au long de <span class=\"\">l&rsquo;hiver<\/span>, alors que le printemps et tout au long des routes d&rsquo;\u00e9t\u00e9 sont deux fois <span class=\"\">la plupart du temps<\/span><\/span>. <span id=\"result_box\" class=\"\" lang=\"fr\">La fr\u00e9quence des augmentations de certaines p\u00e9riodes de l&rsquo;ann\u00e9e, comme l&rsquo;Halloween et les f\u00eates de P\u00e2ques, No\u00ebl et l&rsquo;Assomption. Le trajet dure environ 1 heure et 45 <span class=\"\">minutes<\/span><span class=\"\">.<\/span> <span class=\"\">Depuis le port de<\/span> <span class=\"\">Kymi<\/span><span class=\"\">,<\/span> <span class=\"\">il y a une r\u00e9ponse<\/span> r\u00e9guli\u00e8re (Bus) des lignes de ferry \u00e0 Halkida (dur\u00e9e environ 2 heures) <span class=\"\">et Ath\u00e8nes<\/span> <span class=\"\">(dur\u00e9e<\/span> <span class=\"\">environ 3 heures<\/span><span class=\"\">)<\/span>.<\/span><\/p>\n<p><span id=\"result_box\" class=\"\" lang=\"fr\">Skyros a un a\u00e9roport qui exploite la base a\u00e9rienne militaire (135 SM) dans la case Robuste sur la partie nord de l&rsquo;\u00eele. L&rsquo;a\u00e9roport Skyros est \u00e0 environ 17 km de la ville. Le transfert depuis et vers l&rsquo;a\u00e9roport est en taxi ou en bus. La connexion de l&rsquo;air de l&rsquo;\u00eele appartient au syst\u00e8me <span class=\"\">de liens<\/span> intra-subventionn\u00e9s air, de sorte que les prix des billets <span class=\"\">sont tr\u00e8s comp\u00e9titifs<\/span><span class=\"\">.<\/span><\/span>\u00a0<span id=\"result_box\" class=\"\" lang=\"fr\">Aujourd&rsquo;hui, les transporteurs de connexion de l&rsquo;air sont Aegean Airlines vers et depuis l&rsquo;a\u00e9roport d&rsquo;Ath\u00e8nes Eleftherios Venizelos et Sky Express \u00e0 destination et au d\u00e9part de Thessalonique Mac\u00e9doine A\u00e9roport<span class=\"\">.<\/span><\/span>[\/vc_column_text][\/vc_column][\/vc_row]\n","protected":false},"excerpt":{"rendered":"<p>[mk_page_section bg_image=\u00a0\u00bbhttp:\/\/pithariskyros.com\/wp-content\/uploads\/2016\/05\/skuros-antidra-sthn-enopoihsh-limenvn-ths-euveias.jpg\u00a0\u00bb bg_position=\u00a0\u00bbcenter center\u00a0\u00bb bg_stretch=\u00a0\u00bbtrue\u00a0\u00bb min_height=\u00a0\u00bb352&Prime; top_shape_style=\u00a0\u00bbfolded-top\u00a0\u00bb top_shape_color=\u00a0\u00bb#ffffff\u00a0\u00bb has_bottom_shape_divider=\u00a0\u00bbtrue\u00a0\u00bb bottom_shape_style=\u00a0\u00bbfolded-bottom\u00a0\u00bb bottom_shape_color=\u00a0\u00bb#ffffff\u00a0\u00bb sidebar=\u00a0\u00bbsidebar-1&Prime;][vc_column][vc_empty_space height=\u00a0\u00bb62px\u00a0\u00bb][\/vc_column][\/mk_page_section][vc_row css=\u00a0\u00bb.vc_custom_1642084719836{padding-top: 30px !important;}\u00a0\u00bb][vc_column][vc_column_text]Skyros est l&rsquo;\u00eele la plus m\u00e9ridionale des Sporades du Nord. Situ\u00e9 \u00e0 l&rsquo;est de Eub\u00e9e, qui se trouve \u00e0 environ 35 km et est la plus grande \u00eele de Sporades (210 m\u00e8tres carr\u00e9s. Km.). Skyros est connect\u00e9 \u00e0 la fois [&hellip;]<\/p>\n","protected":false},"author":1,"featured_media":0,"parent":0,"menu_order":0,"comment_status":"closed","ping_status":"closed","template":"","meta":{"footnotes":""},"class_list":["post-6992","page","type-page","status-publish","hentry"],"yoast_head":"<!-- This site is optimized with the Yoast SEO plugin v27.3 - https:\/\/yoast.com\/product\/yoast-seo-wordpress\/ -->\n<title>COMMENT VOUS POUVEZ ARRIVER - To \u03a0\u03b9\u03b8\u03ac\u03c1\u03b9 \u03a3\u03ba\u03cd\u03c1\u03bf\u03c2<\/title>\n<meta name=\"robots\" content=\"index, follow, max-snippet:-1, max-image-preview:large, max-video-preview:-1\" \/>\n<link rel=\"canonical\" href=\"https:\/\/pithariskyros.com\/fr\/comment-vous-pouvez-arriver\/\" \/>\n<meta property=\"og:locale\" content=\"fr_FR\" \/>\n<meta property=\"og:type\" content=\"article\" \/>\n<meta property=\"og:title\" content=\"COMMENT VOUS POUVEZ ARRIVER - To \u03a0\u03b9\u03b8\u03ac\u03c1\u03b9 \u03a3\u03ba\u03cd\u03c1\u03bf\u03c2\" \/>\n<meta property=\"og:description\" content=\"[mk_page_section bg_image=\u00a0\u00bbhttp:\/\/pithariskyros.com\/wp-content\/uploads\/2016\/05\/skuros-antidra-sthn-enopoihsh-limenvn-ths-euveias.jpg\u00a0\u00bb bg_position=\u00a0\u00bbcenter center\u00a0\u00bb bg_stretch=\u00a0\u00bbtrue\u00a0\u00bb min_height=\u00a0\u00bb352&Prime; top_shape_style=\u00a0\u00bbfolded-top\u00a0\u00bb top_shape_color=\u00a0\u00bb#ffffff\u00a0\u00bb has_bottom_shape_divider=\u00a0\u00bbtrue\u00a0\u00bb bottom_shape_style=\u00a0\u00bbfolded-bottom\u00a0\u00bb bottom_shape_color=\u00a0\u00bb#ffffff\u00a0\u00bb sidebar=\u00a0\u00bbsidebar-1&Prime;][vc_column][vc_empty_space height=\u00a0\u00bb62px\u00a0\u00bb][\/vc_column][\/mk_page_section][vc_row css=\u00a0\u00bb.vc_custom_1642084719836{padding-top: 30px !important;}\u00a0\u00bb][vc_column][vc_column_text]Skyros est l&rsquo;\u00eele la plus m\u00e9ridionale des Sporades du Nord. Situ\u00e9 \u00e0 l&rsquo;est de Eub\u00e9e, qui se trouve \u00e0 environ 35 km et est la plus grande \u00eele de Sporades (210 m\u00e8tres carr\u00e9s. Km.). Skyros est connect\u00e9 \u00e0 la fois [&hellip;]\" \/>\n<meta property=\"og:url\" content=\"https:\/\/pithariskyros.com\/fr\/comment-vous-pouvez-arriver\/\" \/>\n<meta property=\"og:site_name\" content=\"To \u03a0\u03b9\u03b8\u03ac\u03c1\u03b9 \u03a3\u03ba\u03cd\u03c1\u03bf\u03c2\" \/>\n<meta property=\"article:publisher\" content=\"https:\/\/www.facebook.com\/pithariskyros\/\" \/>\n<meta property=\"article:modified_time\" content=\"2022-01-13T14:38:42+00:00\" \/>\n<meta name=\"twitter:card\" content=\"summary_large_image\" \/>\n<meta name=\"twitter:label1\" content=\"Dur\u00e9e de lecture estim\u00e9e\" \/>\n\t<meta name=\"twitter:data1\" content=\"2 minutes\" \/>\n<script type=\"application\/ld+json\" class=\"yoast-schema-graph\">{\"@context\":\"https:\\\/\\\/schema.org\",\"@graph\":[{\"@type\":\"WebPage\",\"@id\":\"https:\\\/\\\/pithariskyros.com\\\/fr\\\/comment-vous-pouvez-arriver\\\/\",\"url\":\"https:\\\/\\\/pithariskyros.com\\\/fr\\\/comment-vous-pouvez-arriver\\\/\",\"name\":\"COMMENT VOUS POUVEZ ARRIVER - To \u03a0\u03b9\u03b8\u03ac\u03c1\u03b9 \u03a3\u03ba\u03cd\u03c1\u03bf\u03c2\",\"isPartOf\":{\"@id\":\"https:\\\/\\\/pithariskyros.com\\\/#website\"},\"datePublished\":\"2016-05-23T20:10:11+00:00\",\"dateModified\":\"2022-01-13T14:38:42+00:00\",\"breadcrumb\":{\"@id\":\"https:\\\/\\\/pithariskyros.com\\\/fr\\\/comment-vous-pouvez-arriver\\\/#breadcrumb\"},\"inLanguage\":\"fr-FR\",\"potentialAction\":[{\"@type\":\"ReadAction\",\"target\":[\"https:\\\/\\\/pithariskyros.com\\\/fr\\\/comment-vous-pouvez-arriver\\\/\"]}]},{\"@type\":\"BreadcrumbList\",\"@id\":\"https:\\\/\\\/pithariskyros.com\\\/fr\\\/comment-vous-pouvez-arriver\\\/#breadcrumb\",\"itemListElement\":[{\"@type\":\"ListItem\",\"position\":1,\"name\":\"Home\",\"item\":\"https:\\\/\\\/pithariskyros.com\\\/fr\\\/\"},{\"@type\":\"ListItem\",\"position\":2,\"name\":\"COMMENT VOUS POUVEZ ARRIVER\"}]},{\"@type\":\"WebSite\",\"@id\":\"https:\\\/\\\/pithariskyros.com\\\/#website\",\"url\":\"https:\\\/\\\/pithariskyros.com\\\/\",\"name\":\"To \u03a0\u03b9\u03b8\u03ac\u03c1\u03b9 \u03a3\u03ba\u03cd\u03c1\u03bf\u03c2\",\"description\":\"\u039c\u03b5\u03b6\u03bf\u03bd\u03ad\u03c4\u03b5\u03c2 \u03a0\u03b9\u03b8\u03ac\u03c1\u03b9, \u039c\u03ce\u03bb\u03bf\u03c2 - \u03a3\u03ba\u03cd\u03c1\u03bf\u03c2, \u03b4\u03b9\u03b1\u03ba\u03bf\u03c0\u03ad\u03c2 \u03c3\u03c4\u03b7\u03bd \u03a3\u03ba\u03cd\u03c1\u03bf \u0395\u03cd\u03b2\u03bf\u03b9\u03b1\u03c2, \u03b4\u03b9\u03b1\u03bc\u03bf\u03bd\u03ae \u03a3\u03ba\u03cd\u03c1\u03bf\u03c2- pithariskyros hotel\",\"publisher\":{\"@id\":\"https:\\\/\\\/pithariskyros.com\\\/#organization\"},\"potentialAction\":[{\"@type\":\"SearchAction\",\"target\":{\"@type\":\"EntryPoint\",\"urlTemplate\":\"https:\\\/\\\/pithariskyros.com\\\/?s={search_term_string}\"},\"query-input\":{\"@type\":\"PropertyValueSpecification\",\"valueRequired\":true,\"valueName\":\"search_term_string\"}}],\"inLanguage\":\"fr-FR\"},{\"@type\":\"Organization\",\"@id\":\"https:\\\/\\\/pithariskyros.com\\\/#organization\",\"name\":\"To \u03a0\u03b9\u03b8\u03ac\u03c1\u03b9 \u03a3\u03ba\u03cd\u03c1\u03bf\u03c2\",\"url\":\"https:\\\/\\\/pithariskyros.com\\\/\",\"logo\":{\"@type\":\"ImageObject\",\"inLanguage\":\"fr-FR\",\"@id\":\"https:\\\/\\\/pithariskyros.com\\\/#\\\/schema\\\/logo\\\/image\\\/\",\"url\":\"https:\\\/\\\/pithariskyros.com\\\/wp-content\\\/uploads\\\/2021\\\/09\\\/topithari.svg\",\"contentUrl\":\"https:\\\/\\\/pithariskyros.com\\\/wp-content\\\/uploads\\\/2021\\\/09\\\/topithari.svg\",\"width\":1,\"height\":1,\"caption\":\"To \u03a0\u03b9\u03b8\u03ac\u03c1\u03b9 \u03a3\u03ba\u03cd\u03c1\u03bf\u03c2\"},\"image\":{\"@id\":\"https:\\\/\\\/pithariskyros.com\\\/#\\\/schema\\\/logo\\\/image\\\/\"},\"sameAs\":[\"https:\\\/\\\/www.facebook.com\\\/pithariskyros\\\/\"]}]}<\/script>\n<!-- \/ Yoast SEO plugin. -->","yoast_head_json":{"title":"COMMENT VOUS POUVEZ ARRIVER - To \u03a0\u03b9\u03b8\u03ac\u03c1\u03b9 \u03a3\u03ba\u03cd\u03c1\u03bf\u03c2","robots":{"index":"index","follow":"follow","max-snippet":"max-snippet:-1","max-image-preview":"max-image-preview:large","max-video-preview":"max-video-preview:-1"},"canonical":"https:\/\/pithariskyros.com\/fr\/comment-vous-pouvez-arriver\/","og_locale":"fr_FR","og_type":"article","og_title":"COMMENT VOUS POUVEZ ARRIVER - To \u03a0\u03b9\u03b8\u03ac\u03c1\u03b9 \u03a3\u03ba\u03cd\u03c1\u03bf\u03c2","og_description":"[mk_page_section bg_image=\u00a0\u00bbhttp:\/\/pithariskyros.com\/wp-content\/uploads\/2016\/05\/skuros-antidra-sthn-enopoihsh-limenvn-ths-euveias.jpg\u00a0\u00bb bg_position=\u00a0\u00bbcenter center\u00a0\u00bb bg_stretch=\u00a0\u00bbtrue\u00a0\u00bb min_height=\u00a0\u00bb352&Prime; top_shape_style=\u00a0\u00bbfolded-top\u00a0\u00bb top_shape_color=\u00a0\u00bb#ffffff\u00a0\u00bb has_bottom_shape_divider=\u00a0\u00bbtrue\u00a0\u00bb bottom_shape_style=\u00a0\u00bbfolded-bottom\u00a0\u00bb bottom_shape_color=\u00a0\u00bb#ffffff\u00a0\u00bb sidebar=\u00a0\u00bbsidebar-1&Prime;][vc_column][vc_empty_space height=\u00a0\u00bb62px\u00a0\u00bb][\/vc_column][\/mk_page_section][vc_row css=\u00a0\u00bb.vc_custom_1642084719836{padding-top: 30px !important;}\u00a0\u00bb][vc_column][vc_column_text]Skyros est l&rsquo;\u00eele la plus m\u00e9ridionale des Sporades du Nord. Situ\u00e9 \u00e0 l&rsquo;est de Eub\u00e9e, qui se trouve \u00e0 environ 35 km et est la plus grande \u00eele de Sporades (210 m\u00e8tres carr\u00e9s. Km.). Skyros est connect\u00e9 \u00e0 la fois [&hellip;]","og_url":"https:\/\/pithariskyros.com\/fr\/comment-vous-pouvez-arriver\/","og_site_name":"To \u03a0\u03b9\u03b8\u03ac\u03c1\u03b9 \u03a3\u03ba\u03cd\u03c1\u03bf\u03c2","article_publisher":"https:\/\/www.facebook.com\/pithariskyros\/","article_modified_time":"2022-01-13T14:38:42+00:00","twitter_card":"summary_large_image","twitter_misc":{"Dur\u00e9e de lecture estim\u00e9e":"2 minutes"},"schema":{"@context":"https:\/\/schema.org","@graph":[{"@type":"WebPage","@id":"https:\/\/pithariskyros.com\/fr\/comment-vous-pouvez-arriver\/","url":"https:\/\/pithariskyros.com\/fr\/comment-vous-pouvez-arriver\/","name":"COMMENT VOUS POUVEZ ARRIVER - To \u03a0\u03b9\u03b8\u03ac\u03c1\u03b9 \u03a3\u03ba\u03cd\u03c1\u03bf\u03c2","isPartOf":{"@id":"https:\/\/pithariskyros.com\/#website"},"datePublished":"2016-05-23T20:10:11+00:00","dateModified":"2022-01-13T14:38:42+00:00","breadcrumb":{"@id":"https:\/\/pithariskyros.com\/fr\/comment-vous-pouvez-arriver\/#breadcrumb"},"inLanguage":"fr-FR","potentialAction":[{"@type":"ReadAction","target":["https:\/\/pithariskyros.com\/fr\/comment-vous-pouvez-arriver\/"]}]},{"@type":"BreadcrumbList","@id":"https:\/\/pithariskyros.com\/fr\/comment-vous-pouvez-arriver\/#breadcrumb","itemListElement":[{"@type":"ListItem","position":1,"name":"Home","item":"https:\/\/pithariskyros.com\/fr\/"},{"@type":"ListItem","position":2,"name":"COMMENT VOUS POUVEZ ARRIVER"}]},{"@type":"WebSite","@id":"https:\/\/pithariskyros.com\/#website","url":"https:\/\/pithariskyros.com\/","name":"To \u03a0\u03b9\u03b8\u03ac\u03c1\u03b9 \u03a3\u03ba\u03cd\u03c1\u03bf\u03c2","description":"\u039c\u03b5\u03b6\u03bf\u03bd\u03ad\u03c4\u03b5\u03c2 \u03a0\u03b9\u03b8\u03ac\u03c1\u03b9, \u039c\u03ce\u03bb\u03bf\u03c2 - \u03a3\u03ba\u03cd\u03c1\u03bf\u03c2, \u03b4\u03b9\u03b1\u03ba\u03bf\u03c0\u03ad\u03c2 \u03c3\u03c4\u03b7\u03bd \u03a3\u03ba\u03cd\u03c1\u03bf \u0395\u03cd\u03b2\u03bf\u03b9\u03b1\u03c2, \u03b4\u03b9\u03b1\u03bc\u03bf\u03bd\u03ae \u03a3\u03ba\u03cd\u03c1\u03bf\u03c2- pithariskyros hotel","publisher":{"@id":"https:\/\/pithariskyros.com\/#organization"},"potentialAction":[{"@type":"SearchAction","target":{"@type":"EntryPoint","urlTemplate":"https:\/\/pithariskyros.com\/?s={search_term_string}"},"query-input":{"@type":"PropertyValueSpecification","valueRequired":true,"valueName":"search_term_string"}}],"inLanguage":"fr-FR"},{"@type":"Organization","@id":"https:\/\/pithariskyros.com\/#organization","name":"To \u03a0\u03b9\u03b8\u03ac\u03c1\u03b9 \u03a3\u03ba\u03cd\u03c1\u03bf\u03c2","url":"https:\/\/pithariskyros.com\/","logo":{"@type":"ImageObject","inLanguage":"fr-FR","@id":"https:\/\/pithariskyros.com\/#\/schema\/logo\/image\/","url":"https:\/\/pithariskyros.com\/wp-content\/uploads\/2021\/09\/topithari.svg","contentUrl":"https:\/\/pithariskyros.com\/wp-content\/uploads\/2021\/09\/topithari.svg","width":1,"height":1,"caption":"To \u03a0\u03b9\u03b8\u03ac\u03c1\u03b9 \u03a3\u03ba\u03cd\u03c1\u03bf\u03c2"},"image":{"@id":"https:\/\/pithariskyros.com\/#\/schema\/logo\/image\/"},"sameAs":["https:\/\/www.facebook.com\/pithariskyros\/"]}]}},"_links":{"self":[{"href":"https:\/\/pithariskyros.com\/fr\/wp-json\/wp\/v2\/pages\/6992","targetHints":{"allow":["GET"]}}],"collection":[{"href":"https:\/\/pithariskyros.com\/fr\/wp-json\/wp\/v2\/pages"}],"about":[{"href":"https:\/\/pithariskyros.com\/fr\/wp-json\/wp\/v2\/types\/page"}],"author":[{"embeddable":true,"href":"https:\/\/pithariskyros.com\/fr\/wp-json\/wp\/v2\/users\/1"}],"replies":[{"embeddable":true,"href":"https:\/\/pithariskyros.com\/fr\/wp-json\/wp\/v2\/comments?post=6992"}],"version-history":[{"count":3,"href":"https:\/\/pithariskyros.com\/fr\/wp-json\/wp\/v2\/pages\/6992\/revisions"}],"predecessor-version":[{"id":7630,"href":"https:\/\/pithariskyros.com\/fr\/wp-json\/wp\/v2\/pages\/6992\/revisions\/7630"}],"wp:attachment":[{"href":"https:\/\/pithariskyros.com\/fr\/wp-json\/wp\/v2\/media?parent=6992"}],"curies":[{"name":"wp","href":"https:\/\/api.w.org\/{rel}","templated":true}]}}