{"id":6990,"date":"2016-06-24T10:18:19","date_gmt":"2016-06-24T08:18:19","guid":{"rendered":"http:\/\/pithariskyros.com\/%cf%84%ce%b9%ce%bc%ce%b5%cf%83\/?lang=fr"},"modified":"2025-05-21T23:49:19","modified_gmt":"2025-05-21T21:49:19","slug":"caprate","status":"publish","type":"page","link":"https:\/\/pithariskyros.com\/fr\/caprate\/","title":{"rendered":"CAPRATE"},"content":{"rendered":"[mk_page_section bg_image=\u00a0\u00bbhttp:\/\/pithariskyros.com\/wp-content\/uploads\/2016\/06\/reception.jpg\u00a0\u00bb bg_position=\u00a0\u00bbcenter center\u00a0\u00bb bg_stretch=\u00a0\u00bbtrue\u00a0\u00bb min_height=\u00a0\u00bb236&Prime; top_shape_color=\u00a0\u00bb#ffffff\u00a0\u00bb has_bottom_shape_divider=\u00a0\u00bbtrue\u00a0\u00bb bottom_shape_style=\u00a0\u00bbfolded-bottom\u00a0\u00bb bottom_shape_color=\u00a0\u00bb#ffffff\u00a0\u00bb sidebar=\u00a0\u00bbsidebar-1&Prime;][vc_column][\/vc_column][\/mk_page_section][vc_row padding=\u00a0\u00bb0&Prime; css=\u00a0\u00bb.vc_custom_1642084599784{padding-top: 30px !important;padding-right: 0px !important;padding-bottom: 0px !important;padding-left: 0px !important;}\u00a0\u00bb][vc_column][mk_table]\n<table width=\"100%\">\n<thead>\n<tr>\n<th><span id=\"result_box\" class=\"short_text\" lang=\"fr\">CHAMBRES<\/span><\/th>\n<th>SAISON BASSE<\/th>\n<th>SAISON MOYENNE<\/th>\n<th>SAISON HAUTE<\/th>\n<\/tr>\n<\/thead>\n<tbody>\n<tr>\n<td style=\"text-align: left;\"><\/td>\n<td>\n<p style=\"text-align: center;\"><strong>01\/01\/25 \u2013 27\/02\/25<\/strong><\/p>\n<p style=\"text-align: center;\"><strong>04\/03\/25 \u2013 17\/04\/25<\/strong><\/p>\n<p style=\"text-align: center;\"><strong>22\/04\/25 \u2013 05\/06\/25\u00a0<\/strong><\/p>\n<p style=\"text-align: center;\"><strong>10\/06\/25 \u2013 22\/06\/25<\/strong><\/p>\n<p style=\"text-align: center;\"><strong>15\/09\/25 \u2013 31\/12\/25<\/strong><\/p>\n<\/td>\n<td style=\"text-align: center;\">\n<p style=\"text-align: center;\"><strong>28\/02\/25 \u2013 03\/03\/25<\/strong><\/p>\n<p><strong>18\/04\/25 \u2013 21\/04\/25<\/strong><\/p>\n<p><strong>06\/06\/25 \u2013 09\/06\/25<\/strong><\/p>\n<p><strong>23\/06\/25 \u2013 13\/07\/25<\/strong><\/p>\n<p><strong>01\/09\/25 \u2013 14\/09\/25<\/strong><\/td>\n<td style=\"text-align: center;\"><strong>14\/07\/25 \u2013 31\/08\/25<\/strong><\/td>\n<\/tr>\n<tr>\n<td style=\"text-align: center;\"><strong>Appartements 1, 3 et 4<\/strong><\/td>\n<td style=\"text-align: center;\"><strong>85,00 \u20ac \/ nuit \/ 4 personnes<\/strong><\/p>\n<p><strong>95,00 \u20ac \/ nuit \/ 5 personnes<\/strong><\/td>\n<td style=\"text-align: center;\"><strong>140,00 \u20ac \/ nuit \/ 4 personnes<\/strong><\/p>\n<p><strong>150,00 \u20ac \/ nuit \/ 5 personnes<\/strong><\/td>\n<td style=\"text-align: center;\"><strong>150,00 \u20ac \/ nuit \/ 4 personnes<\/strong><\/p>\n<p><strong>160,00 \u20ac \/ nuit \/ 5 personnes<\/strong><\/td>\n<\/tr>\n<tr>\n<td style=\"text-align: center;\"><strong>Appartement 2<\/strong><\/td>\n<td style=\"text-align: center;\"><strong>65,00 \u20ac \/ nuit \/ 2 personnes<\/strong><\/p>\n<p><strong>75,00 \u20ac \/ nuit \/ 3 personnes<\/strong><\/td>\n<td style=\"text-align: center;\"><strong>120,00 \u20ac \/ nuit \/ 2 personnes<\/strong><\/p>\n<p><strong>130,00 \u20ac \/ nuit \/ 3 personnes<\/strong><\/td>\n<td style=\"text-align: center;\"><strong>130,00 \u20ac \/ nuit \/ 2 personnes<\/strong><\/p>\n<p><strong>140,00 \u20ac \/ nuit \/ 3 personnes<\/strong><\/td>\n<\/tr>\n<tr>\n<td colspan=\"4\">Un lit suppl\u00e9mentaire peut \u00eatre ajout\u00e9 sur la maison (\u00e0 la demande du client) avec un suppl\u00e9ment de 10,00 \u20ac \/ nuit<\/td>\n<\/tr>\n<\/tbody>\n<\/table>\n[\/mk_table][\/vc_column][\/vc_row][vc_row padding=\u00a0\u00bb0&Prime;][\/vc_row][vc_row][vc_column][vc_empty_space][\/vc_column][\/vc_row][vc_column][\/vc_column][vc_row][vc_column][vc_column_text]Tous les prix sont en Euro (\u20ac) et incluent la TVA de 13%.<\/p>\n<p>Jusqu&rsquo;\u00e0 2 enfants \u00e2g\u00e9s de 2 \u00e0 15 ans gratuits s&rsquo;ils utilisent le lit existant et 1 b\u00e9b\u00e9 de moins de 2 ans dans un lit b\u00e9b\u00e9, les enfants de plus de 15 ans sont consid\u00e9r\u00e9s comme des adultes.[\/vc_column_text][\/vc_column][\/vc_row][vc_row][vc_column][vc_column_text][\/vc_column_text][\/vc_column][\/vc_row][vc_row][vc_column][vc_column_text]\n[\/vc_column_text][\/vc_column][\/vc_row][vc_row][vc_column][vc_empty_space][\/vc_column][\/vc_row][vc_row][vc_column][vc_column_text]\n<h3>D\u00e9tails de compte en banque :<\/h3>\n<h3><\/h3>\n[\/vc_column_text][\/vc_column][\/vc_row][vc_column][\/vc_column][vc_row][vc_column width=\u00a0\u00bb1\/2&Prime;][vc_column_text el_class=\u00a0\u00bbtabl\u00a0\u00bb css=\u00a0\u00bb.vc_custom_1648258403501{margin-bottom: 0px !important;}\u00a0\u00bb]\n<table class=\"table table-bordered\">\n<tbody>\n<tr>\n<td style=\"text-align: left;\">Nom du titulaire du compte<\/td>\n<td style=\"text-align: left;\">GEORGOULI CHRYSOULA<\/td>\n<\/tr>\n<tr>\n<td style=\"text-align: left;\">Account IBAN<\/td>\n<td style=\"text-align: left;\">GR410118070000080700211057<\/td>\n<\/tr>\n<tr>\n<td style=\"text-align: left;\">Bank name<\/td>\n<td style=\"text-align: left;\">National Bank<\/td>\n<\/tr>\n<tr>\n<td style=\"text-align: left;\">Swift BIC code<\/td>\n<td style=\"text-align: left;\">ETHNGRAA<\/td>\n<\/tr>\n<tr>\n<td style=\"text-align: left;\">Country<\/td>\n<td style=\"text-align: left;\">Greece<\/td>\n<\/tr>\n<\/tbody>\n<\/table>\n[\/vc_column_text][\/vc_column][vc_column width=\u00a0\u00bb1\/2&Prime;][vc_column_text el_class=\u00a0\u00bbtabl\u00a0\u00bb]\n<table class=\"table table-bordered\">\n<tbody>\n<tr>\n<td style=\"text-align: left;\">Nom du titulaire du compte<\/td>\n<td style=\"text-align: left;\">GEORGOULI CHRYSOULA<\/td>\n<\/tr>\n<tr>\n<td style=\"text-align: left;\">Account IBAN<\/td>\n<td style=\"text-align: left;\">GR7501721530005153107442862<\/td>\n<\/tr>\n<tr>\n<td style=\"text-align: left;\">Bank name<\/td>\n<td style=\"text-align: left;\">Piraeus Bank<\/td>\n<\/tr>\n<tr>\n<td style=\"text-align: left;\">Swift BIC code<\/td>\n<td style=\"text-align: left;\">PIRBGRAA<\/td>\n<\/tr>\n<tr>\n<td style=\"text-align: left;\">Country<\/td>\n<td style=\"text-align: left;\">Greece<\/td>\n<\/tr>\n<\/tbody>\n<\/table>\n[\/vc_column_text][\/vc_column][\/vc_row][vc_column][\/vc_column]\n","protected":false},"excerpt":{"rendered":"<p>[mk_page_section bg_image=\u00a0\u00bbhttp:\/\/pithariskyros.com\/wp-content\/uploads\/2016\/06\/reception.jpg\u00a0\u00bb bg_position=\u00a0\u00bbcenter center\u00a0\u00bb bg_stretch=\u00a0\u00bbtrue\u00a0\u00bb min_height=\u00a0\u00bb236&Prime; top_shape_color=\u00a0\u00bb#ffffff\u00a0\u00bb has_bottom_shape_divider=\u00a0\u00bbtrue\u00a0\u00bb bottom_shape_style=\u00a0\u00bbfolded-bottom\u00a0\u00bb bottom_shape_color=\u00a0\u00bb#ffffff\u00a0\u00bb sidebar=\u00a0\u00bbsidebar-1&Prime;][vc_column][\/vc_column][\/mk_page_section][vc_row padding=\u00a0\u00bb0&Prime; css=\u00a0\u00bb.vc_custom_1642084599784{padding-top: 30px !important;padding-right: 0px !important;padding-bottom: 0px !important;padding-left: 0px !important;}\u00a0\u00bb][vc_column][mk_table] CHAMBRES SAISON BASSE SAISON MOYENNE SAISON HAUTE 01\/01\/25 \u2013 27\/02\/25 04\/03\/25 \u2013 17\/04\/25 22\/04\/25 \u2013 05\/06\/25\u00a0 10\/06\/25 \u2013 22\/06\/25 15\/09\/25 \u2013 31\/12\/25 28\/02\/25 \u2013 03\/03\/25 18\/04\/25 \u2013 21\/04\/25 06\/06\/25 \u2013 09\/06\/25 23\/06\/25 \u2013 13\/07\/25 [&hellip;]<\/p>\n","protected":false},"author":1,"featured_media":0,"parent":0,"menu_order":0,"comment_status":"closed","ping_status":"closed","template":"","meta":{"footnotes":""},"class_list":["post-6990","page","type-page","status-publish","hentry"],"yoast_head":"<!-- This site is optimized with the Yoast SEO plugin v27.3 - https:\/\/yoast.com\/product\/yoast-seo-wordpress\/ -->\n<title>CAPRATE - To \u03a0\u03b9\u03b8\u03ac\u03c1\u03b9 \u03a3\u03ba\u03cd\u03c1\u03bf\u03c2<\/title>\n<meta name=\"robots\" content=\"index, follow, max-snippet:-1, max-image-preview:large, max-video-preview:-1\" \/>\n<link rel=\"canonical\" href=\"https:\/\/pithariskyros.com\/fr\/caprate\/\" \/>\n<meta property=\"og:locale\" content=\"fr_FR\" \/>\n<meta property=\"og:type\" content=\"article\" \/>\n<meta property=\"og:title\" content=\"CAPRATE - To \u03a0\u03b9\u03b8\u03ac\u03c1\u03b9 \u03a3\u03ba\u03cd\u03c1\u03bf\u03c2\" \/>\n<meta property=\"og:description\" content=\"[mk_page_section bg_image=\u00a0\u00bbhttp:\/\/pithariskyros.com\/wp-content\/uploads\/2016\/06\/reception.jpg\u00a0\u00bb bg_position=\u00a0\u00bbcenter center\u00a0\u00bb bg_stretch=\u00a0\u00bbtrue\u00a0\u00bb min_height=\u00a0\u00bb236&Prime; top_shape_color=\u00a0\u00bb#ffffff\u00a0\u00bb has_bottom_shape_divider=\u00a0\u00bbtrue\u00a0\u00bb bottom_shape_style=\u00a0\u00bbfolded-bottom\u00a0\u00bb bottom_shape_color=\u00a0\u00bb#ffffff\u00a0\u00bb sidebar=\u00a0\u00bbsidebar-1&Prime;][vc_column][\/vc_column][\/mk_page_section][vc_row padding=\u00a0\u00bb0&Prime; css=\u00a0\u00bb.vc_custom_1642084599784{padding-top: 30px !important;padding-right: 0px !important;padding-bottom: 0px !important;padding-left: 0px !important;}\u00a0\u00bb][vc_column][mk_table] CHAMBRES SAISON BASSE SAISON MOYENNE SAISON HAUTE 01\/01\/25 \u2013 27\/02\/25 04\/03\/25 \u2013 17\/04\/25 22\/04\/25 \u2013 05\/06\/25\u00a0 10\/06\/25 \u2013 22\/06\/25 15\/09\/25 \u2013 31\/12\/25 28\/02\/25 \u2013 03\/03\/25 18\/04\/25 \u2013 21\/04\/25 06\/06\/25 \u2013 09\/06\/25 23\/06\/25 \u2013 13\/07\/25 [&hellip;]\" \/>\n<meta property=\"og:url\" content=\"https:\/\/pithariskyros.com\/fr\/caprate\/\" \/>\n<meta property=\"og:site_name\" content=\"To \u03a0\u03b9\u03b8\u03ac\u03c1\u03b9 \u03a3\u03ba\u03cd\u03c1\u03bf\u03c2\" \/>\n<meta property=\"article:publisher\" content=\"https:\/\/www.facebook.com\/pithariskyros\/\" \/>\n<meta property=\"article:modified_time\" content=\"2025-05-21T21:49:19+00:00\" \/>\n<meta name=\"twitter:card\" content=\"summary_large_image\" \/>\n<meta name=\"twitter:label1\" content=\"Dur\u00e9e de lecture estim\u00e9e\" \/>\n\t<meta name=\"twitter:data1\" content=\"2 minutes\" \/>\n<script type=\"application\/ld+json\" class=\"yoast-schema-graph\">{\"@context\":\"https:\\\/\\\/schema.org\",\"@graph\":[{\"@type\":\"WebPage\",\"@id\":\"https:\\\/\\\/pithariskyros.com\\\/fr\\\/caprate\\\/\",\"url\":\"https:\\\/\\\/pithariskyros.com\\\/fr\\\/caprate\\\/\",\"name\":\"CAPRATE - To \u03a0\u03b9\u03b8\u03ac\u03c1\u03b9 \u03a3\u03ba\u03cd\u03c1\u03bf\u03c2\",\"isPartOf\":{\"@id\":\"https:\\\/\\\/pithariskyros.com\\\/#website\"},\"datePublished\":\"2016-06-24T08:18:19+00:00\",\"dateModified\":\"2025-05-21T21:49:19+00:00\",\"breadcrumb\":{\"@id\":\"https:\\\/\\\/pithariskyros.com\\\/fr\\\/caprate\\\/#breadcrumb\"},\"inLanguage\":\"fr-FR\",\"potentialAction\":[{\"@type\":\"ReadAction\",\"target\":[\"https:\\\/\\\/pithariskyros.com\\\/fr\\\/caprate\\\/\"]}]},{\"@type\":\"BreadcrumbList\",\"@id\":\"https:\\\/\\\/pithariskyros.com\\\/fr\\\/caprate\\\/#breadcrumb\",\"itemListElement\":[{\"@type\":\"ListItem\",\"position\":1,\"name\":\"Home\",\"item\":\"https:\\\/\\\/pithariskyros.com\\\/fr\\\/\"},{\"@type\":\"ListItem\",\"position\":2,\"name\":\"CAPRATE\"}]},{\"@type\":\"WebSite\",\"@id\":\"https:\\\/\\\/pithariskyros.com\\\/#website\",\"url\":\"https:\\\/\\\/pithariskyros.com\\\/\",\"name\":\"To \u03a0\u03b9\u03b8\u03ac\u03c1\u03b9 \u03a3\u03ba\u03cd\u03c1\u03bf\u03c2\",\"description\":\"\u039c\u03b5\u03b6\u03bf\u03bd\u03ad\u03c4\u03b5\u03c2 \u03a0\u03b9\u03b8\u03ac\u03c1\u03b9, \u039c\u03ce\u03bb\u03bf\u03c2 - \u03a3\u03ba\u03cd\u03c1\u03bf\u03c2, \u03b4\u03b9\u03b1\u03ba\u03bf\u03c0\u03ad\u03c2 \u03c3\u03c4\u03b7\u03bd \u03a3\u03ba\u03cd\u03c1\u03bf \u0395\u03cd\u03b2\u03bf\u03b9\u03b1\u03c2, \u03b4\u03b9\u03b1\u03bc\u03bf\u03bd\u03ae \u03a3\u03ba\u03cd\u03c1\u03bf\u03c2- pithariskyros hotel\",\"publisher\":{\"@id\":\"https:\\\/\\\/pithariskyros.com\\\/#organization\"},\"potentialAction\":[{\"@type\":\"SearchAction\",\"target\":{\"@type\":\"EntryPoint\",\"urlTemplate\":\"https:\\\/\\\/pithariskyros.com\\\/?s={search_term_string}\"},\"query-input\":{\"@type\":\"PropertyValueSpecification\",\"valueRequired\":true,\"valueName\":\"search_term_string\"}}],\"inLanguage\":\"fr-FR\"},{\"@type\":\"Organization\",\"@id\":\"https:\\\/\\\/pithariskyros.com\\\/#organization\",\"name\":\"To \u03a0\u03b9\u03b8\u03ac\u03c1\u03b9 \u03a3\u03ba\u03cd\u03c1\u03bf\u03c2\",\"url\":\"https:\\\/\\\/pithariskyros.com\\\/\",\"logo\":{\"@type\":\"ImageObject\",\"inLanguage\":\"fr-FR\",\"@id\":\"https:\\\/\\\/pithariskyros.com\\\/#\\\/schema\\\/logo\\\/image\\\/\",\"url\":\"https:\\\/\\\/pithariskyros.com\\\/wp-content\\\/uploads\\\/2021\\\/09\\\/topithari.svg\",\"contentUrl\":\"https:\\\/\\\/pithariskyros.com\\\/wp-content\\\/uploads\\\/2021\\\/09\\\/topithari.svg\",\"width\":1,\"height\":1,\"caption\":\"To \u03a0\u03b9\u03b8\u03ac\u03c1\u03b9 \u03a3\u03ba\u03cd\u03c1\u03bf\u03c2\"},\"image\":{\"@id\":\"https:\\\/\\\/pithariskyros.com\\\/#\\\/schema\\\/logo\\\/image\\\/\"},\"sameAs\":[\"https:\\\/\\\/www.facebook.com\\\/pithariskyros\\\/\"]}]}<\/script>\n<!-- \/ Yoast SEO plugin. -->","yoast_head_json":{"title":"CAPRATE - To \u03a0\u03b9\u03b8\u03ac\u03c1\u03b9 \u03a3\u03ba\u03cd\u03c1\u03bf\u03c2","robots":{"index":"index","follow":"follow","max-snippet":"max-snippet:-1","max-image-preview":"max-image-preview:large","max-video-preview":"max-video-preview:-1"},"canonical":"https:\/\/pithariskyros.com\/fr\/caprate\/","og_locale":"fr_FR","og_type":"article","og_title":"CAPRATE - To \u03a0\u03b9\u03b8\u03ac\u03c1\u03b9 \u03a3\u03ba\u03cd\u03c1\u03bf\u03c2","og_description":"[mk_page_section bg_image=\u00a0\u00bbhttp:\/\/pithariskyros.com\/wp-content\/uploads\/2016\/06\/reception.jpg\u00a0\u00bb bg_position=\u00a0\u00bbcenter center\u00a0\u00bb bg_stretch=\u00a0\u00bbtrue\u00a0\u00bb min_height=\u00a0\u00bb236&Prime; top_shape_color=\u00a0\u00bb#ffffff\u00a0\u00bb has_bottom_shape_divider=\u00a0\u00bbtrue\u00a0\u00bb bottom_shape_style=\u00a0\u00bbfolded-bottom\u00a0\u00bb bottom_shape_color=\u00a0\u00bb#ffffff\u00a0\u00bb sidebar=\u00a0\u00bbsidebar-1&Prime;][vc_column][\/vc_column][\/mk_page_section][vc_row padding=\u00a0\u00bb0&Prime; css=\u00a0\u00bb.vc_custom_1642084599784{padding-top: 30px !important;padding-right: 0px !important;padding-bottom: 0px !important;padding-left: 0px !important;}\u00a0\u00bb][vc_column][mk_table] CHAMBRES SAISON BASSE SAISON MOYENNE SAISON HAUTE 01\/01\/25 \u2013 27\/02\/25 04\/03\/25 \u2013 17\/04\/25 22\/04\/25 \u2013 05\/06\/25\u00a0 10\/06\/25 \u2013 22\/06\/25 15\/09\/25 \u2013 31\/12\/25 28\/02\/25 \u2013 03\/03\/25 18\/04\/25 \u2013 21\/04\/25 06\/06\/25 \u2013 09\/06\/25 23\/06\/25 \u2013 13\/07\/25 [&hellip;]","og_url":"https:\/\/pithariskyros.com\/fr\/caprate\/","og_site_name":"To \u03a0\u03b9\u03b8\u03ac\u03c1\u03b9 \u03a3\u03ba\u03cd\u03c1\u03bf\u03c2","article_publisher":"https:\/\/www.facebook.com\/pithariskyros\/","article_modified_time":"2025-05-21T21:49:19+00:00","twitter_card":"summary_large_image","twitter_misc":{"Dur\u00e9e de lecture estim\u00e9e":"2 minutes"},"schema":{"@context":"https:\/\/schema.org","@graph":[{"@type":"WebPage","@id":"https:\/\/pithariskyros.com\/fr\/caprate\/","url":"https:\/\/pithariskyros.com\/fr\/caprate\/","name":"CAPRATE - To \u03a0\u03b9\u03b8\u03ac\u03c1\u03b9 \u03a3\u03ba\u03cd\u03c1\u03bf\u03c2","isPartOf":{"@id":"https:\/\/pithariskyros.com\/#website"},"datePublished":"2016-06-24T08:18:19+00:00","dateModified":"2025-05-21T21:49:19+00:00","breadcrumb":{"@id":"https:\/\/pithariskyros.com\/fr\/caprate\/#breadcrumb"},"inLanguage":"fr-FR","potentialAction":[{"@type":"ReadAction","target":["https:\/\/pithariskyros.com\/fr\/caprate\/"]}]},{"@type":"BreadcrumbList","@id":"https:\/\/pithariskyros.com\/fr\/caprate\/#breadcrumb","itemListElement":[{"@type":"ListItem","position":1,"name":"Home","item":"https:\/\/pithariskyros.com\/fr\/"},{"@type":"ListItem","position":2,"name":"CAPRATE"}]},{"@type":"WebSite","@id":"https:\/\/pithariskyros.com\/#website","url":"https:\/\/pithariskyros.com\/","name":"To \u03a0\u03b9\u03b8\u03ac\u03c1\u03b9 \u03a3\u03ba\u03cd\u03c1\u03bf\u03c2","description":"\u039c\u03b5\u03b6\u03bf\u03bd\u03ad\u03c4\u03b5\u03c2 \u03a0\u03b9\u03b8\u03ac\u03c1\u03b9, \u039c\u03ce\u03bb\u03bf\u03c2 - \u03a3\u03ba\u03cd\u03c1\u03bf\u03c2, \u03b4\u03b9\u03b1\u03ba\u03bf\u03c0\u03ad\u03c2 \u03c3\u03c4\u03b7\u03bd \u03a3\u03ba\u03cd\u03c1\u03bf \u0395\u03cd\u03b2\u03bf\u03b9\u03b1\u03c2, \u03b4\u03b9\u03b1\u03bc\u03bf\u03bd\u03ae \u03a3\u03ba\u03cd\u03c1\u03bf\u03c2- pithariskyros hotel","publisher":{"@id":"https:\/\/pithariskyros.com\/#organization"},"potentialAction":[{"@type":"SearchAction","target":{"@type":"EntryPoint","urlTemplate":"https:\/\/pithariskyros.com\/?s={search_term_string}"},"query-input":{"@type":"PropertyValueSpecification","valueRequired":true,"valueName":"search_term_string"}}],"inLanguage":"fr-FR"},{"@type":"Organization","@id":"https:\/\/pithariskyros.com\/#organization","name":"To \u03a0\u03b9\u03b8\u03ac\u03c1\u03b9 \u03a3\u03ba\u03cd\u03c1\u03bf\u03c2","url":"https:\/\/pithariskyros.com\/","logo":{"@type":"ImageObject","inLanguage":"fr-FR","@id":"https:\/\/pithariskyros.com\/#\/schema\/logo\/image\/","url":"https:\/\/pithariskyros.com\/wp-content\/uploads\/2021\/09\/topithari.svg","contentUrl":"https:\/\/pithariskyros.com\/wp-content\/uploads\/2021\/09\/topithari.svg","width":1,"height":1,"caption":"To \u03a0\u03b9\u03b8\u03ac\u03c1\u03b9 \u03a3\u03ba\u03cd\u03c1\u03bf\u03c2"},"image":{"@id":"https:\/\/pithariskyros.com\/#\/schema\/logo\/image\/"},"sameAs":["https:\/\/www.facebook.com\/pithariskyros\/"]}]}},"_links":{"self":[{"href":"https:\/\/pithariskyros.com\/fr\/wp-json\/wp\/v2\/pages\/6990","targetHints":{"allow":["GET"]}}],"collection":[{"href":"https:\/\/pithariskyros.com\/fr\/wp-json\/wp\/v2\/pages"}],"about":[{"href":"https:\/\/pithariskyros.com\/fr\/wp-json\/wp\/v2\/types\/page"}],"author":[{"embeddable":true,"href":"https:\/\/pithariskyros.com\/fr\/wp-json\/wp\/v2\/users\/1"}],"replies":[{"embeddable":true,"href":"https:\/\/pithariskyros.com\/fr\/wp-json\/wp\/v2\/comments?post=6990"}],"version-history":[{"count":30,"href":"https:\/\/pithariskyros.com\/fr\/wp-json\/wp\/v2\/pages\/6990\/revisions"}],"predecessor-version":[{"id":7918,"href":"https:\/\/pithariskyros.com\/fr\/wp-json\/wp\/v2\/pages\/6990\/revisions\/7918"}],"wp:attachment":[{"href":"https:\/\/pithariskyros.com\/fr\/wp-json\/wp\/v2\/media?parent=6990"}],"curies":[{"name":"wp","href":"https:\/\/api.w.org\/{rel}","templated":true}]}}